{"id":2868,"date":"2024-02-08T12:52:27","date_gmt":"2024-02-08T12:52:27","guid":{"rendered":"http:\/\/novopost.com.br\/?page_id=2868"},"modified":"2024-02-08T12:53:50","modified_gmt":"2024-02-08T12:53:50","slug":"disclaimer","status":"publish","type":"page","link":"https:\/\/novopost.com.br\/en\/disclaimer\/","title":{"rendered":"Disclaimer"},"content":{"rendered":"<div data-elementor-type=\"wp-page\" data-elementor-id=\"2868\" class=\"elementor elementor-2868\" data-elementor-post-type=\"page\">\n\t\t\t\t\t\t\t<div class=\"elementor-element elementor-element-0a9ab48 e-flex e-con-boxed e-con e-parent\" data-id=\"0a9ab48\" data-element_type=\"container\" data-settings=\"{&quot;content_width&quot;:&quot;boxed&quot;}\" data-core-v316-plus=\"true\">\n\t\t\t\t\t<div class=\"e-con-inner\">\n\t\t\t\t<div class=\"elementor-element elementor-element-ff5a07e sublinhado elementor-widget elementor-widget-heading\" data-id=\"ff5a07e\" data-element_type=\"widget\" data-widget_type=\"heading.default\">\n\t\t\t\t<div class=\"elementor-widget-container\">\n\t\t\t<style>\/*! elementor - v3.18.0 - 20-12-2023 *\/\n.elementor-heading-title{padding:0;margin:0;line-height:1}.elementor-widget-heading .elementor-heading-title[class*=elementor-size-]>a{color:inherit;font-size:inherit;line-height:inherit}.elementor-widget-heading .elementor-heading-title.elementor-size-small{font-size:15px}.elementor-widget-heading .elementor-heading-title.elementor-size-medium{font-size:19px}.elementor-widget-heading .elementor-heading-title.elementor-size-large{font-size:29px}.elementor-widget-heading .elementor-heading-title.elementor-size-xl{font-size:39px}.elementor-widget-heading .elementor-heading-title.elementor-size-xxl{font-size:59px}<\/style><h2 class=\"elementor-heading-title elementor-size-default\">Disclaimer<\/h2>\t\t<\/div>\n\t\t\t\t<\/div>\n\t\t\t\t<div class=\"elementor-element elementor-element-cc93868 elementor-widget elementor-widget-text-editor\" data-id=\"cc93868\" data-element_type=\"widget\" data-widget_type=\"text-editor.default\">\n\t\t\t\t<div class=\"elementor-widget-container\">\n\t\t\t<style>\/*! elementor - v3.18.0 - 20-12-2023 *\/\n.elementor-widget-text-editor.elementor-drop-cap-view-stacked .elementor-drop-cap{background-color:#69727d;color:#fff}.elementor-widget-text-editor.elementor-drop-cap-view-framed .elementor-drop-cap{color:#69727d;border:3px solid;background-color:transparent}.elementor-widget-text-editor:not(.elementor-drop-cap-view-default) .elementor-drop-cap{margin-top:8px}.elementor-widget-text-editor:not(.elementor-drop-cap-view-default) .elementor-drop-cap-letter{width:1em;height:1em}.elementor-widget-text-editor .elementor-drop-cap{float:left;text-align:center;line-height:1;font-size:50px}.elementor-widget-text-editor .elementor-drop-cap-letter{display:inline-block}<\/style>\t\t\t\t<p>O Novo Post tem o compromisso de assegurar uma comunica\u00e7\u00e3o transparente e objetiva acerca dos servi\u00e7os prestados e das pol\u00edticas de privacidade e prote\u00e7\u00e3o de dados. Por isso, reunimos aqui as informa\u00e7\u00f5es essenciais para orientar os nossos leitores a fim de proporcionar uma experi\u00eancia aprimorada em nossa plataforma.<\/p><p>N\u00f3s n\u00e3o efetuamos solicita\u00e7\u00f5es de valores para a libera\u00e7\u00e3o de produtos financeiros. Caso tal situa\u00e7\u00e3o ocorra, solicitamos que entre em contato com o Novo Post imediatamente para que possamos tomar as medidas cab\u00edveis.<\/p><p>Ao requisitar informa\u00e7\u00f5es pessoais, observamos rigorosamente as leis aplic\u00e1veis, buscando sempre o consentimento do usu\u00e1rio e fornecendo esclarecimentos sobre a finalidade e uso pretendido desses dados. Utilizamos tais informa\u00e7\u00f5es estritamente quando necess\u00e1rio, mantendo-as pelo tempo indispens\u00e1vel para oferecer o servi\u00e7o requerido. Al\u00e9m disso, adotamos medidas de seguran\u00e7a robustas para resguardar tais dados contra perdas, furtos ou acessos n\u00e3o autorizados.<\/p><p>\u00c9 importante ressaltar que n\u00f3s, do Novo Post, jamais compartilhamos informa\u00e7\u00f5es pessoais publicamente ou com terceiros, salvo quando exigido por lei. J\u00e1 as pol\u00edticas dos sites externos presentes em nosso site est\u00e3o fora de nosso controle, por isso n\u00e3o nos responsabilizamos pelo conte\u00fado ou pr\u00e1ticas de privacidade desses sites. Ademais, os usu\u00e1rios possuem total autonomia para aceitar ou recusar o fornecimento de informa\u00e7\u00f5es pessoais, contudo, \u00e9 importante destacar que a recusa pode impactar a disponibilidade de alguns servi\u00e7os.<\/p><p>Qualquer d\u00favida sobre nosso tratamento de dados e informa\u00e7\u00f5es pessoais pode ser esclarecida, basta entrar em contato conosco.<\/p>\t\t\t\t\t\t<\/div>\n\t\t\t\t<\/div>\n\t\t\t\t\t<\/div>\n\t\t\t\t<\/div>\n\t\t\t\t\t\t\t<\/div>","protected":false},"excerpt":{"rendered":"<p>Disclaimer O Novo Post tem o compromisso de assegurar uma comunica\u00e7\u00e3o transparente e objetiva acerca dos servi\u00e7os prestados e das pol\u00edticas de privacidade e prote\u00e7\u00e3o de dados. Por isso, reunimos aqui as informa\u00e7\u00f5es essenciais para orientar os nossos leitores a fim de proporcionar uma experi\u00eancia aprimorada em nossa plataforma. N\u00f3s n\u00e3o efetuamos solicita\u00e7\u00f5es de valores [&hellip;]<\/p>","protected":false},"author":4,"featured_media":0,"parent":0,"menu_order":0,"comment_status":"closed","ping_status":"closed","template":"elementor_header_footer","meta":{"footnotes":""},"class_list":["post-2868","page","type-page","status-publish","hentry"],"acf":[],"_links":{"self":[{"href":"https:\/\/novopost.com.br\/en\/wp-json\/wp\/v2\/pages\/2868","targetHints":{"allow":["GET"]}}],"collection":[{"href":"https:\/\/novopost.com.br\/en\/wp-json\/wp\/v2\/pages"}],"about":[{"href":"https:\/\/novopost.com.br\/en\/wp-json\/wp\/v2\/types\/page"}],"author":[{"embeddable":true,"href":"https:\/\/novopost.com.br\/en\/wp-json\/wp\/v2\/users\/4"}],"replies":[{"embeddable":true,"href":"https:\/\/novopost.com.br\/en\/wp-json\/wp\/v2\/comments?post=2868"}],"version-history":[{"count":7,"href":"https:\/\/novopost.com.br\/en\/wp-json\/wp\/v2\/pages\/2868\/revisions"}],"predecessor-version":[{"id":2876,"href":"https:\/\/novopost.com.br\/en\/wp-json\/wp\/v2\/pages\/2868\/revisions\/2876"}],"wp:attachment":[{"href":"https:\/\/novopost.com.br\/en\/wp-json\/wp\/v2\/media?parent=2868"}],"curies":[{"name":"wp","href":"https:\/\/api.w.org\/{rel}","templated":true}]}}