{"id":1100,"date":"2023-10-02T14:46:56","date_gmt":"2023-10-02T14:46:56","guid":{"rendered":"http:\/\/novopost.com.br\/?page_id=1100"},"modified":"2024-02-19T12:53:41","modified_gmt":"2024-02-19T12:53:41","slug":"politica-de-privacidade","status":"publish","type":"page","link":"https:\/\/novopost.com.br\/es\/politica-de-privacidade\/","title":{"rendered":"La Pol\u00edtica de Privacidad"},"content":{"rendered":"<div data-elementor-type=\"wp-page\" data-elementor-id=\"1100\" class=\"elementor elementor-1100\" data-elementor-post-type=\"page\">\n\t\t\t\t\t\t\t<div class=\"elementor-element elementor-element-698cc0d e-flex e-con-boxed e-con e-parent\" data-id=\"698cc0d\" data-element_type=\"container\" data-settings=\"{&quot;content_width&quot;:&quot;boxed&quot;}\" data-core-v316-plus=\"true\">\n\t\t\t\t\t<div class=\"e-con-inner\">\n\t\t\t\t<div class=\"elementor-element elementor-element-ecc5fec sublinhado elementor-widget elementor-widget-heading\" data-id=\"ecc5fec\" data-element_type=\"widget\" data-widget_type=\"heading.default\">\n\t\t\t\t<div class=\"elementor-widget-container\">\n\t\t\t<style>\/*! elementor - v3.18.0 - 20-12-2023 *\/\n.elementor-heading-title{padding:0;margin:0;line-height:1}.elementor-widget-heading .elementor-heading-title[class*=elementor-size-]>a{color:inherit;font-size:inherit;line-height:inherit}.elementor-widget-heading .elementor-heading-title.elementor-size-small{font-size:15px}.elementor-widget-heading .elementor-heading-title.elementor-size-medium{font-size:19px}.elementor-widget-heading .elementor-heading-title.elementor-size-large{font-size:29px}.elementor-widget-heading .elementor-heading-title.elementor-size-xl{font-size:39px}.elementor-widget-heading .elementor-heading-title.elementor-size-xxl{font-size:59px}<\/style><h2 class=\"elementor-heading-title elementor-size-default\">La Pol\u00edtica de Privacidad<\/h2>\t\t<\/div>\n\t\t\t\t<\/div>\n\t\t\t\t\t<\/div>\n\t\t\t\t<\/div>\n\t\t<div class=\"elementor-element elementor-element-12fa17e8 e-flex e-con-boxed e-con e-parent\" data-id=\"12fa17e8\" data-element_type=\"container\" data-settings=\"{&quot;content_width&quot;:&quot;boxed&quot;}\" data-core-v316-plus=\"true\">\n\t\t\t\t\t<div class=\"e-con-inner\">\n\t\t\t\t<div class=\"elementor-element elementor-element-27c33f8 elementor-widget elementor-widget-text-editor\" data-id=\"27c33f8\" data-element_type=\"widget\" data-widget_type=\"text-editor.default\">\n\t\t\t\t<div class=\"elementor-widget-container\">\n\t\t\t<style>\/*! elementor - v3.18.0 - 20-12-2023 *\/\n.elementor-widget-text-editor.elementor-drop-cap-view-stacked .elementor-drop-cap{background-color:#69727d;color:#fff}.elementor-widget-text-editor.elementor-drop-cap-view-framed .elementor-drop-cap{color:#69727d;border:3px solid;background-color:transparent}.elementor-widget-text-editor:not(.elementor-drop-cap-view-default) .elementor-drop-cap{margin-top:8px}.elementor-widget-text-editor:not(.elementor-drop-cap-view-default) .elementor-drop-cap-letter{width:1em;height:1em}.elementor-widget-text-editor .elementor-drop-cap{float:left;text-align:center;line-height:1;font-size:50px}.elementor-widget-text-editor .elementor-drop-cap-letter{display:inline-block}<\/style>\t\t\t\t<p><b>POL\u00cdTICA DE PRIVACIDADE\u00a0<\/b><\/p><p>Bem-vindo a Pol\u00edtica de Privacidade do NOVO POST. Leia com aten\u00e7\u00e3o para entender os benef\u00edcios, recursos e informa\u00e7\u00f5es pessoais que ser\u00e3o coletadas, usadas, tratadas, armazenadas e exclu\u00eddas. A aceita\u00e7\u00e3o desta pol\u00edtica ocorre atrav\u00e9s do clique em &#8220;Aceito&#8221; ou pelo uso da nossa p\u00e1gina, o que implica no consentimento para o acesso e tratamento das suas informa\u00e7\u00f5es pelo blog. Esta pol\u00edtica pode ser atualizada sem aviso pr\u00e9vio, por isso, recomendamos sua verifica\u00e7\u00e3o ocasional.\u00a0<\/p><p><b>Quem \u00e9 NOVO POST<\/b><\/p><p>NOVO POST \u00e9 uma plataforma que oferece recomenda\u00e7\u00e3o de produtos e educa\u00e7\u00e3o financeira. Aqui, buscamos ajudar as pessoas a entenderem melhor suas op\u00e7\u00f5es financeiras, fornecendo informa\u00e7\u00f5es \u00fateis e an\u00e1lises sobre diversos produtos e servi\u00e7os, como cart\u00f5es de cr\u00e9dito, bancos digitais, empr\u00e9stimos, financiamentos, entre outros. Nosso objetivo \u00e9 ajudar voc\u00ea a tomar decis\u00f5es financeiras mais informadas e encontrar as melhores solu\u00e7\u00f5es para suas necessidades.\u00a0<\/p><p>Mas nosso compromisso vai al\u00e9m de fornecer recomenda\u00e7\u00f5es financeiras; tamb\u00e9m nos empenhamos em esclarecer como tratamos os seus dados. Com essa finalidade, desenvolvemos nossa Pol\u00edtica de Privacidade, que est\u00e1 em total conformidade com as normas internacionais e nacionais de prote\u00e7\u00e3o de dados.\u00a0<\/p><p>Essa Pol\u00edtica detalha como seus dados pessoais ser\u00e3o utilizados em nosso website. Ela n\u00e3o apenas abrange a divulga\u00e7\u00e3o dos nossos servi\u00e7os, produtos e publica\u00e7\u00f5es, mas tamb\u00e9m de terceiros. Queremos assegurar total transpar\u00eancia e confian\u00e7a em rela\u00e7\u00e3o ao uso e tratamento de suas informa\u00e7\u00f5es pessoais.\u00a0<\/p><p><b>De quais dados estamos falando?\u00a0<\/b><\/p><p>Podemos coletar informa\u00e7\u00f5es pessoais quando voc\u00ea utiliza nosso site, interage com nossos servi\u00e7os ou se comunica conosco. Basicamente, podemos abranger os tipos de dados em segmentos: dados pessoais e dados n\u00e3o pessoais.\u00a0<\/p><p>Dados pessoais s\u00e3o informa\u00e7\u00f5es que podem ser usadas para identificar uma pessoa espec\u00edfica ou que est\u00e3o relacionadas a uma pessoa identific\u00e1vel. Isso inclui, por exemplo, nome, endere\u00e7o, n\u00famero de identidade, endere\u00e7o de e-mail, entre outros.\u00a0<\/p><p>Por outro lado, dados n\u00e3o pessoais s\u00e3o informa\u00e7\u00f5es que n\u00e3o podem ser usadas para identificar uma pessoa espec\u00edfica. Esses dados s\u00e3o geralmente agregados e anonimizados, tornando-os n\u00e3o relacionados a indiv\u00edduos espec\u00edficos. Exemplos de dados n\u00e3o pessoais incluem estat\u00edsticas de uso do site, prefer\u00eancias de produtos, padr\u00f5es de navega\u00e7\u00e3o, entre outros.<\/p><p><b>Como NOVO POST acessa os seus dados?\u00a0<\/b><\/p><p>O NOVO POST coleta diferentes tipos de informa\u00e7\u00f5es, conforme sua intera\u00e7\u00e3o com nossos servi\u00e7os:\u00a0<\/p><ol><li>Dados fornecidos por voc\u00ea: Informa\u00e7\u00f5es que voc\u00ea fornece ao se cadastrar em nossos websites para acessar conte\u00fados gratuitos ou participar de processos seletivos, como nome, e-mail, telefone e endere\u00e7o.\u00a0<\/li><li>Dados de terceiros: Podemos obter informa\u00e7\u00f5es de fontes dispon\u00edveis publicamente, prestadores de servi\u00e7os e parceiros, respeitando sempre sua privacidade e em conformidade com a legisla\u00e7\u00e3o aplic\u00e1vel.\u00a0<\/li><li>Dados de navega\u00e7\u00e3o: Coletamos informa\u00e7\u00f5es sobre sua navega\u00e7\u00e3o em nosso site, como p\u00e1ginas visitadas, hiperlinks clicados e localiza\u00e7\u00e3o aproximada, para melhorar sua experi\u00eancia, mas esses dados n\u00e3o podem identificar voc\u00ea diretamente.\u00a0<\/li><\/ol><p><b>Como n\u00f3s usamos os seus dados?\u00a0<\/b><\/p><p>O NOVO POST utiliza seus dados para:\u00a0<\/p><ol><li>Garantir sua identifica\u00e7\u00e3o precisa e segura, prevenindo fraudes e protegendo sua seguran\u00e7a.\u00a0<\/li><li>Fornecer nossos produtos, servi\u00e7os e os de terceiros, baseados na an\u00e1lise de seu perfil, visando oferecer as melhores op\u00e7\u00f5es de acordo com suas necessidades, melhorando sua experi\u00eancia em nosso site.\u00a0<\/li><li>Aprimorar nossa comunica\u00e7\u00e3o com voc\u00ea, enviando e-mails com acesso ao nosso conte\u00fado e ofertas.\u00a0<\/li><li>Realizar estudos e aprimorar nossas tecnologias de tratamento de dados, como a forma\u00e7\u00e3o de perfis de usu\u00e1rio, mantendo esses dados n\u00e3o identific\u00e1veis.\u00a0<\/li><\/ol><p><b>Compartilhamento de dados\u00a0<\/b><\/p><p>O NOVO POST poder\u00e1 compartilhar seus dados mediante sua autoriza\u00e7\u00e3o. Esse compartilhamento pode ocorrer com empresas do grupo econ\u00f4mico do NOVO POST, terceiros parceiros e autoridades regulat\u00f3rias para diferentes finalidades, quando necess\u00e1rio. Qualquer compartilhamento de dados ser\u00e1 feito dentro dos limites e prop\u00f3sitos de nossos neg\u00f3cios, em conformidade com a legisla\u00e7\u00e3o aplic\u00e1vel. Em rela\u00e7\u00e3o a terceiros ou parceiros, geralmente compartilhamos apenas dados n\u00e3o pessoais, como comportamentais.\u00a0<\/p><p>Dados pessoais ser\u00e3o compartilhados com o objetivo de recomendar produtos e servi\u00e7os adequados \u00e0s suas necessidades ou fornecer produtos e servi\u00e7os solicitados, caso haja interesse. Nossos parceiros s\u00f3 podem usar os dados pessoais para os fins espec\u00edficos para os quais foram contratados e n\u00e3o tem permiss\u00e3o para utiliz\u00e1-los para outras finalidades al\u00e9m da presta\u00e7\u00e3o dos servi\u00e7os contratados. Empresas que tenham acesso aos seus dados pessoais devem trat\u00e1-los de acordo com os prop\u00f3sitos para os quais foram coletados e conforme<\/p><p>determinado pela Pol\u00edtica de Privacidade e pelas leis de privacidade e prote\u00e7\u00e3o de dados aplic\u00e1veis.\u00a0<\/p><p>O NOVO POST reserva-se ao direito de cooperar com autoridades judiciais ou governamentais, compartilhando dados pessoais dos usu\u00e1rios, quando necess\u00e1rio para exercer nossos direitos legais ou proteger nossos interesses, funcion\u00e1rios ou outros Usu\u00e1rios. Ao cumprir uma solicita\u00e7\u00e3o administrativa, o NOVO POST poder\u00e1 fornecer informa\u00e7\u00f5es ao solicitante, desde que autorizado pelo usu\u00e1rio, conforme estipulado nos Termos e Condi\u00e7\u00f5es Gerais de Uso.\u00a0<\/p><p><b>Como n\u00f3s protegemos os seus dados?\u00a0<\/b><\/p><p>O NOVO POST protege os dados dos Usu\u00e1rios por meio de medidas abrangentes de seguran\u00e7a. Isso inclui o uso de criptografia para proteger as informa\u00e7\u00f5es durante a transmiss\u00e3o online e o controle de acesso restrito, permitindo que apenas funcion\u00e1rios autorizados acessem os dados necess\u00e1rios para suas fun\u00e7\u00f5es.\u00a0<\/p><p>Al\u00e9m disso, realizamos monitoramento constante dos sistemas, mantemos nossos sistemas e softwares atualizados regularmente e implementamos pol\u00edticas e procedimentos de seguran\u00e7a rigorosos. Os funcion\u00e1rios tamb\u00e9m recebem treinamento regular sobre pr\u00e1ticas de seguran\u00e7a e prote\u00e7\u00e3o de dados. Todas essas medidas visam garantir a seguran\u00e7a e a privacidade dos dados dos usu\u00e1rios do NOVO POST.\u00a0<\/p><p>Ademais, os dados s\u00e3o armazenados em bases de dados seguras e reconhecidas internacionalmente, como o Google Cloud. Com isso, embora n\u00e3o possamos garantir inviolabilidade absoluta, adotamos as melhores pr\u00e1ticas de seguran\u00e7a da informa\u00e7\u00e3o. Em caso de incidente de seguran\u00e7a, agimos rapidamente para inform\u00e1-lo e resolver a situa\u00e7\u00e3o.\u00a0<\/p><p><b>Informa\u00e7\u00f5es adicionais\u00a0<\/b><\/p><p>Os artigos do nosso site podem incluir conte\u00fado incorporado de outros sites, como v\u00eddeos, imagens e artigos. Esse conte\u00fado incorporado se comporta da mesma forma que se o usu\u00e1rio estivesse visitando diretamente o outro site. Isso significa que esses sites podem coletar dados sobre voc\u00ea, usar cookies e rastreamento adicional de terceiros para monitorar sua intera\u00e7\u00e3o com o conte\u00fado incorporado, mesmo se voc\u00ea tiver uma conta e estiver conectado ao site.\u00a0<\/p><p>O NOVO POST, em constante preocupa\u00e7\u00e3o com a privacidade de seus usu\u00e1rios, envia e-mails com dois prop\u00f3sitos principais: para confirmar ou cancelar solicita\u00e7\u00f5es de ordens de servi\u00e7o e\/ou informa\u00e7\u00f5es feitas atrav\u00e9s de nosso website, e para fins publicit\u00e1rios. Ao utilizar nosso servi\u00e7o, o usu\u00e1rio concorda em receber essas comunica\u00e7\u00f5es.\u00a0<\/p><p>\u00c9 importante ressaltar que podem circular pela internet e-mails falsos, conhecidos como Phishing, em nome do NOVO POST ou de nossos parceiros, com o objetivo de induzir os Usu\u00e1rios a compartilhar informa\u00e7\u00f5es pessoais sens\u00edveis. N\u00f3s nunca solicitamos dados confidenciais por e-mail, como senhas ou n\u00fameros de cart\u00f5es de cr\u00e9dito. Portanto, recomendamos n\u00e3o fornecer informa\u00e7\u00f5es pessoais em resposta a esses e-mails. Se houver d\u00favidas sobre a autenticidade de uma mensagem recebida em nome do NOVO POST, entre em contato atrav\u00e9s de nossos canais de atendimento, estamos sempre \u00e0 disposi\u00e7\u00e3o para esclarecer suas d\u00favidas.<\/p><p><b>Atualiza\u00e7\u00e3o da nossa Pol\u00edtica de Privacidade\u00a0<\/b><\/p><p>Reconhecemos a import\u00e2ncia de manter a nossa Pol\u00edtica de Privacidade atualizada diante das constantes mudan\u00e7as e evolu\u00e7\u00f5es do mundo digital. Por isso, reservamo-nos no direito de revisar e modificar nossa Pol\u00edtica periodicamente. \u00c9 crucial que voc\u00ea retorne a esta p\u00e1gina regularmente para garantir que esteja ciente das vers\u00f5es mais recentes e concorde com as informa\u00e7\u00f5es coletadas e o tratamento de seus dados.\u00a0<\/p><p>Caso n\u00e3o retorne a esta p\u00e1gina, entenderemos que voc\u00ea est\u00e1 ciente e concorda com os termos estabelecidos nesta Pol\u00edtica,e, ao continuar a utilizar nossos produtos e servi\u00e7os ap\u00f3s as poss\u00edveis altera\u00e7\u00f5es, voc\u00ea estar\u00e1 concordando com as novas condi\u00e7\u00f5es. No entanto, se discordar das mudan\u00e7as, voc\u00ea pode manifestar sua opini\u00e3o por meio dos nossos canais de atendimento.\u00a0<\/p><p>Se voc\u00ea ainda tiver alguma d\u00favida ou, por qualquer motivo, precisar entrar em contato conosco para tratar de assuntos relacionados aos seus dados pessoais, estamos \u00e0 disposi\u00e7\u00e3o para ajudar. Basta enviar sua mensagem para o seguinte e-mail: suporte@novopost.com.br.\u00a0<\/p><p>\u00daltima atualiza\u00e7\u00e3o desta Pol\u00edtica de Privacidade feita em: 15\/02\/2024<\/p>\t\t\t\t\t\t<\/div>\n\t\t\t\t<\/div>\n\t\t\t\t\t<\/div>\n\t\t\t\t<\/div>\n\t\t\t\t\t\t\t<\/div>","protected":false},"excerpt":{"rendered":"<p>Pol\u00edtica de Privacidade POL\u00cdTICA DE PRIVACIDADE\u00a0 Bem-vindo a Pol\u00edtica de Privacidade do NOVO POST. Leia com aten\u00e7\u00e3o para entender os benef\u00edcios, recursos e informa\u00e7\u00f5es pessoais que ser\u00e3o coletadas, usadas, tratadas, armazenadas e exclu\u00eddas. A aceita\u00e7\u00e3o desta pol\u00edtica ocorre atrav\u00e9s do clique em &#8220;Aceito&#8221; ou pelo uso da nossa p\u00e1gina, o que implica no consentimento para [&hellip;]<\/p>","protected":false},"author":15,"featured_media":0,"parent":0,"menu_order":0,"comment_status":"closed","ping_status":"closed","template":"elementor_header_footer","meta":{"footnotes":""},"class_list":["post-1100","page","type-page","status-publish","hentry"],"acf":[],"_links":{"self":[{"href":"https:\/\/novopost.com.br\/es\/wp-json\/wp\/v2\/pages\/1100","targetHints":{"allow":["GET"]}}],"collection":[{"href":"https:\/\/novopost.com.br\/es\/wp-json\/wp\/v2\/pages"}],"about":[{"href":"https:\/\/novopost.com.br\/es\/wp-json\/wp\/v2\/types\/page"}],"author":[{"embeddable":true,"href":"https:\/\/novopost.com.br\/es\/wp-json\/wp\/v2\/users\/15"}],"replies":[{"embeddable":true,"href":"https:\/\/novopost.com.br\/es\/wp-json\/wp\/v2\/comments?post=1100"}],"version-history":[{"count":28,"href":"https:\/\/novopost.com.br\/es\/wp-json\/wp\/v2\/pages\/1100\/revisions"}],"predecessor-version":[{"id":3117,"href":"https:\/\/novopost.com.br\/es\/wp-json\/wp\/v2\/pages\/1100\/revisions\/3117"}],"wp:attachment":[{"href":"https:\/\/novopost.com.br\/es\/wp-json\/wp\/v2\/media?parent=1100"}],"curies":[{"name":"wp","href":"https:\/\/api.w.org\/{rel}","templated":true}]}}