{"id":1221,"date":"2023-10-04T20:27:54","date_gmt":"2023-10-04T20:27:54","guid":{"rendered":"http:\/\/novopost.com.br\/?page_id=1221"},"modified":"2024-02-06T17:57:33","modified_gmt":"2024-02-06T17:57:33","slug":"blog","status":"publish","type":"page","link":"https:\/\/novopost.com.br\/sr\/blog\/","title":{"rendered":"Blog"},"content":{"rendered":"<div data-elementor-type=\"wp-page\" data-elementor-id=\"1221\" class=\"elementor elementor-1221\" data-elementor-post-type=\"page\">\n\t\t\t\t\t\t\t<div class=\"elementor-element elementor-element-0fd903f e-flex e-con-boxed e-con e-parent\" data-id=\"0fd903f\" data-element_type=\"container\" data-settings=\"{&quot;content_width&quot;:&quot;boxed&quot;}\" data-core-v316-plus=\"true\">\n\t\t\t\t\t<div class=\"e-con-inner\">\n\t\t<div class=\"elementor-element elementor-element-fbf2824 e-con-full e-flex e-con e-child\" data-id=\"fbf2824\" data-element_type=\"container\" data-settings=\"{&quot;content_width&quot;:&quot;full&quot;}\">\n\t\t\t\t<div class=\"elementor-element elementor-element-f8a2ebc sublinhado elementor-widget elementor-widget-heading\" data-id=\"f8a2ebc\" data-element_type=\"widget\" data-widget_type=\"heading.default\">\n\t\t\t\t<div class=\"elementor-widget-container\">\n\t\t\t<style>\/*! elementor - v3.18.0 - 20-12-2023 *\/\n.elementor-heading-title{padding:0;margin:0;line-height:1}.elementor-widget-heading .elementor-heading-title[class*=elementor-size-]>a{color:inherit;font-size:inherit;line-height:inherit}.elementor-widget-heading .elementor-heading-title.elementor-size-small{font-size:15px}.elementor-widget-heading .elementor-heading-title.elementor-size-medium{font-size:19px}.elementor-widget-heading .elementor-heading-title.elementor-size-large{font-size:29px}.elementor-widget-heading .elementor-heading-title.elementor-size-xl{font-size:39px}.elementor-widget-heading .elementor-heading-title.elementor-size-xxl{font-size:59px}<\/style><h2 class=\"elementor-heading-title elementor-size-default\">Novidades:<\/h2>\t\t<\/div>\n\t\t\t\t<\/div>\n\t\t\t\t<div class=\"elementor-element elementor-element-e546e19 elementor-posts--align-left elementor-grid-3 elementor-grid-tablet-2 elementor-grid-mobile-1 elementor-posts--thumbnail-top load-more-align-center elementor-widget elementor-widget-posts\" data-id=\"e546e19\" data-element_type=\"widget\" data-settings=\"{&quot;pagination_type&quot;:&quot;load_more_on_click&quot;,&quot;classic_row_gap&quot;:{&quot;unit&quot;:&quot;px&quot;,&quot;size&quot;:50,&quot;sizes&quot;:[]},&quot;classic_columns&quot;:&quot;3&quot;,&quot;classic_columns_tablet&quot;:&quot;2&quot;,&quot;classic_columns_mobile&quot;:&quot;1&quot;,&quot;classic_row_gap_tablet&quot;:{&quot;unit&quot;:&quot;px&quot;,&quot;size&quot;:&quot;&quot;,&quot;sizes&quot;:[]},&quot;classic_row_gap_mobile&quot;:{&quot;unit&quot;:&quot;px&quot;,&quot;size&quot;:&quot;&quot;,&quot;sizes&quot;:[]},&quot;load_more_spinner&quot;:{&quot;value&quot;:&quot;fas fa-spinner&quot;,&quot;library&quot;:&quot;fa-solid&quot;}}\" data-widget_type=\"posts.classic\">\n\t\t\t\t<div class=\"elementor-widget-container\">\n\t\t\t<link rel=\"stylesheet\" href=\"http:\/\/novopost.com.br\/wp-content\/plugins\/pro-elements\/assets\/css\/widget-posts.min.css\">\t\t<div class=\"elementor-posts-container elementor-posts elementor-posts--skin-classic elementor-grid\">\n\t\t\t\t<article class=\"elementor-post elementor-grid-item post-3571 post type-post status-publish format-standard hentry category-emprestimos tag-antecipar tag-emprestimo tag-pix tag-salario\">\n\t\t\t\t<div class=\"elementor-post__text\">\n\t\t\t\t<h3 class=\"elementor-post__title\">\n\t\t\t<a href=\"https:\/\/novopost.com.br\/sr\/alternativas-ao-emprestimo-pessoal\/\">\n\t\t\t\tAlternativas ao empr\u00e9stimo pessoal: o que avaliar antes de pedir cr\u00e9dito no fim do m\u00eas\t\t\t<\/a>\n\t\t<\/h3>\n\t\t\t\t<div class=\"elementor-post__excerpt\">\n\t\t\t<p>Alternativas ao empr\u00e9stimo pessoal s\u00e3o cada vez mais buscadas por quem chega ao fim do m\u00eas com o or\u00e7amento apertado e precisa resolver um imprevisto<\/p>\n\t\t<\/div>\n\t\t\t\t\t<div class=\"elementor-post__read-more-wrapper\">\n\t\t\n\t\t<a class=\"elementor-post__read-more\" href=\"https:\/\/novopost.com.br\/sr\/alternativas-ao-emprestimo-pessoal\/\" aria-label=\"Read more about Alternativas ao empr\u00e9stimo pessoal: o que avaliar antes de pedir cr\u00e9dito no fim do m\u00eas\" tabindex=\"-1\">\n\t\t\t\u041f\u0420\u041e\u0427\u0418\u0422\u0410\u0408\u0422\u0415 \u0427\u041b\u0410\u041d\u0410\u041a \u00bb\t\t<\/a>\n\n\t\t\t\t\t<\/div>\n\t\t\t\t<\/div>\n\t\t\t\t<\/article>\n\t\t\t\t<article class=\"elementor-post elementor-grid-item post-3521 post type-post status-publish format-standard has-post-thumbnail hentry category-educacao\">\n\t\t\t\t<a class=\"elementor-post__thumbnail__link\" href=\"https:\/\/novopost.com.br\/sr\/como-alcancar-a-independencia-financeira\/\" tabindex=\"-1\">\n\t\t\t<div class=\"elementor-post__thumbnail\"><img fetchpriority=\"high\" decoding=\"async\" width=\"924\" height=\"616\" src=\"https:\/\/novopost.com.br\/wp-content\/uploads\/2024\/04\/Independencia-Financeira-Valor-Investe.webp\" class=\"attachment-full size-full wp-image-3523\" alt=\"Independ\u00eancia Financeira\" srcset=\"https:\/\/novopost.com.br\/wp-content\/uploads\/2024\/04\/Independencia-Financeira-Valor-Investe.webp 924w, https:\/\/novopost.com.br\/wp-content\/uploads\/2024\/04\/Independencia-Financeira-Valor-Investe-300x200.webp 300w, https:\/\/novopost.com.br\/wp-content\/uploads\/2024\/04\/Independencia-Financeira-Valor-Investe-768x512.webp 768w\" sizes=\"(max-width: 924px) 100vw, 924px\" \/><\/div>\n\t\t<\/a>\n\t\t\t\t<div class=\"elementor-post__text\">\n\t\t\t\t<h3 class=\"elementor-post__title\">\n\t\t\t<a href=\"https:\/\/novopost.com.br\/sr\/como-alcancar-a-independencia-financeira\/\">\n\t\t\t\tComo Alcan\u00e7ar a Independ\u00eancia Financeira?\t\t\t<\/a>\n\t\t<\/h3>\n\t\t\t\t<div class=\"elementor-post__excerpt\">\n\t\t\t<p>Alcan\u00e7ar a independ\u00eancia financeira \u00e9 um objetivo almejado por muitos, pois representa a liberdade de tomar decis\u00f5es sem a preocupa\u00e7\u00e3o constante com dinheiro. Para atingir<\/p>\n\t\t<\/div>\n\t\t\t\t\t<div class=\"elementor-post__read-more-wrapper\">\n\t\t\n\t\t<a class=\"elementor-post__read-more\" href=\"https:\/\/novopost.com.br\/sr\/como-alcancar-a-independencia-financeira\/\" aria-label=\"Read more about Como Alcan\u00e7ar a Independ\u00eancia Financeira?\" tabindex=\"-1\">\n\t\t\t\u041f\u0420\u041e\u0427\u0418\u0422\u0410\u0408\u0422\u0415 \u0427\u041b\u0410\u041d\u0410\u041a \u00bb\t\t<\/a>\n\n\t\t\t\t\t<\/div>\n\t\t\t\t<\/div>\n\t\t\t\t<\/article>\n\t\t\t\t<article class=\"elementor-post elementor-grid-item post-3509 post type-post status-publish format-standard has-post-thumbnail hentry category-educacao\">\n\t\t\t\t<a class=\"elementor-post__thumbnail__link\" href=\"https:\/\/novopost.com.br\/sr\/glossario-do-economes-desvendando-o-mundo-financeiro-do-seu-cotidiano\/\" tabindex=\"-1\">\n\t\t\t<div class=\"elementor-post__thumbnail\"><img decoding=\"async\" width=\"1168\" height=\"450\" src=\"https:\/\/novopost.com.br\/wp-content\/uploads\/2024\/04\/Glosario-Economes-Estadao.jpg\" class=\"attachment-full size-full wp-image-3512\" alt=\"Gloss\u00e1rio Econom\u00eas\" srcset=\"https:\/\/novopost.com.br\/wp-content\/uploads\/2024\/04\/Glosario-Economes-Estadao.jpg 1168w, https:\/\/novopost.com.br\/wp-content\/uploads\/2024\/04\/Glosario-Economes-Estadao-300x116.jpg 300w, https:\/\/novopost.com.br\/wp-content\/uploads\/2024\/04\/Glosario-Economes-Estadao-1024x395.jpg 1024w, https:\/\/novopost.com.br\/wp-content\/uploads\/2024\/04\/Glosario-Economes-Estadao-768x296.jpg 768w\" sizes=\"(max-width: 1168px) 100vw, 1168px\" \/><\/div>\n\t\t<\/a>\n\t\t\t\t<div class=\"elementor-post__text\">\n\t\t\t\t<h3 class=\"elementor-post__title\">\n\t\t\t<a href=\"https:\/\/novopost.com.br\/sr\/glossario-do-economes-desvendando-o-mundo-financeiro-do-seu-cotidiano\/\">\n\t\t\t\tGloss\u00e1rio do Econom\u00eas: Desvendando o Mundo Financeiro do seu Cotidiano\t\t\t<\/a>\n\t\t<\/h3>\n\t\t\t\t<div class=\"elementor-post__excerpt\">\n\t\t\t<p>No turbilh\u00e3o da vida cotidiana, muitos de n\u00f3s nos encontramos mergulhados em um mar de termos e conceitos financeiros aparentemente complexos e intimidadores, que podem<\/p>\n\t\t<\/div>\n\t\t\t\t\t<div class=\"elementor-post__read-more-wrapper\">\n\t\t\n\t\t<a class=\"elementor-post__read-more\" href=\"https:\/\/novopost.com.br\/sr\/glossario-do-economes-desvendando-o-mundo-financeiro-do-seu-cotidiano\/\" aria-label=\"Read more about Gloss\u00e1rio do Econom\u00eas: Desvendando o Mundo Financeiro do seu Cotidiano\" tabindex=\"-1\">\n\t\t\t\u041f\u0420\u041e\u0427\u0418\u0422\u0410\u0408\u0422\u0415 \u0427\u041b\u0410\u041d\u0410\u041a \u00bb\t\t<\/a>\n\n\t\t\t\t\t<\/div>\n\t\t\t\t<\/div>\n\t\t\t\t<\/article>\n\t\t\t\t<article class=\"elementor-post elementor-grid-item post-3503 post type-post status-publish format-standard has-post-thumbnail hentry category-educacao\">\n\t\t\t\t<a class=\"elementor-post__thumbnail__link\" href=\"https:\/\/novopost.com.br\/sr\/analise-de-credito-para-pessoas-fisicas-entenda-e-otimize-suas-chances-de-aprovacao\/\" tabindex=\"-1\">\n\t\t\t<div class=\"elementor-post__thumbnail\"><img decoding=\"async\" width=\"1280\" height=\"720\" src=\"https:\/\/novopost.com.br\/wp-content\/uploads\/2024\/04\/Analise-de-Credito-BCN-Treinamentos.jpg\" class=\"attachment-full size-full wp-image-3506\" alt=\"An\u00e1lise de Cr\u00e9dito\" srcset=\"https:\/\/novopost.com.br\/wp-content\/uploads\/2024\/04\/Analise-de-Credito-BCN-Treinamentos.jpg 1280w, https:\/\/novopost.com.br\/wp-content\/uploads\/2024\/04\/Analise-de-Credito-BCN-Treinamentos-300x169.jpg 300w, https:\/\/novopost.com.br\/wp-content\/uploads\/2024\/04\/Analise-de-Credito-BCN-Treinamentos-1024x576.jpg 1024w, https:\/\/novopost.com.br\/wp-content\/uploads\/2024\/04\/Analise-de-Credito-BCN-Treinamentos-768x432.jpg 768w\" sizes=\"(max-width: 1280px) 100vw, 1280px\" \/><\/div>\n\t\t<\/a>\n\t\t\t\t<div class=\"elementor-post__text\">\n\t\t\t\t<h3 class=\"elementor-post__title\">\n\t\t\t<a href=\"https:\/\/novopost.com.br\/sr\/analise-de-credito-para-pessoas-fisicas-entenda-e-otimize-suas-chances-de-aprovacao\/\">\n\t\t\t\tAn\u00e1lise de Cr\u00e9dito para Pessoas F\u00edsicas: Entenda e Otimize suas Chances de Aprova\u00e7\u00e3o\t\t\t<\/a>\n\t\t<\/h3>\n\t\t\t\t<div class=\"elementor-post__excerpt\">\n\t\t\t<p>A an\u00e1lise de cr\u00e9dito para pessoas f\u00edsicas \u00e9 um processo fundamental no universo financeiro, que vai muito al\u00e9m de uma simples verifica\u00e7\u00e3o de hist\u00f3rico de<\/p>\n\t\t<\/div>\n\t\t\t\t\t<div class=\"elementor-post__read-more-wrapper\">\n\t\t\n\t\t<a class=\"elementor-post__read-more\" href=\"https:\/\/novopost.com.br\/sr\/analise-de-credito-para-pessoas-fisicas-entenda-e-otimize-suas-chances-de-aprovacao\/\" aria-label=\"Read more about An\u00e1lise de Cr\u00e9dito para Pessoas F\u00edsicas: Entenda e Otimize suas Chances de Aprova\u00e7\u00e3o\" tabindex=\"-1\">\n\t\t\t\u041f\u0420\u041e\u0427\u0418\u0422\u0410\u0408\u0422\u0415 \u0427\u041b\u0410\u041d\u0410\u041a \u00bb\t\t<\/a>\n\n\t\t\t\t\t<\/div>\n\t\t\t\t<\/div>\n\t\t\t\t<\/article>\n\t\t\t\t<article class=\"elementor-post elementor-grid-item post-3489 post type-post status-publish format-standard has-post-thumbnail hentry category-educacao\">\n\t\t\t\t<a class=\"elementor-post__thumbnail__link\" href=\"https:\/\/novopost.com.br\/sr\/carteira-de-investimentos-o-que-saber-antes-de-diversificar\/\" tabindex=\"-1\">\n\t\t\t<div class=\"elementor-post__thumbnail\"><img loading=\"lazy\" decoding=\"async\" width=\"518\" height=\"307\" src=\"https:\/\/novopost.com.br\/wp-content\/uploads\/2024\/04\/Carteira-de-Investimentos-O-Especialista.jpg\" class=\"attachment-full size-full wp-image-3495\" alt=\"Diversificar Carteira de Investimentos\" srcset=\"https:\/\/novopost.com.br\/wp-content\/uploads\/2024\/04\/Carteira-de-Investimentos-O-Especialista.jpg 518w, https:\/\/novopost.com.br\/wp-content\/uploads\/2024\/04\/Carteira-de-Investimentos-O-Especialista-300x178.jpg 300w\" sizes=\"(max-width: 518px) 100vw, 518px\" \/><\/div>\n\t\t<\/a>\n\t\t\t\t<div class=\"elementor-post__text\">\n\t\t\t\t<h3 class=\"elementor-post__title\">\n\t\t\t<a href=\"https:\/\/novopost.com.br\/sr\/carteira-de-investimentos-o-que-saber-antes-de-diversificar\/\">\n\t\t\t\tCarteira de Investimentos: O Que Saber Antes de Diversificar\t\t\t<\/a>\n\t\t<\/h3>\n\t\t\t\t<div class=\"elementor-post__excerpt\">\n\t\t\t<p>A diversifica\u00e7\u00e3o \u00e9 a pedra angular de qualquer estrat\u00e9gia de investimento s\u00f3lida, essencial para maximizar os retornos da sua carteira de investimentos e reduzir os<\/p>\n\t\t<\/div>\n\t\t\t\t\t<div class=\"elementor-post__read-more-wrapper\">\n\t\t\n\t\t<a class=\"elementor-post__read-more\" href=\"https:\/\/novopost.com.br\/sr\/carteira-de-investimentos-o-que-saber-antes-de-diversificar\/\" aria-label=\"Read more about Carteira de Investimentos: O Que Saber Antes de Diversificar\" tabindex=\"-1\">\n\t\t\t\u041f\u0420\u041e\u0427\u0418\u0422\u0410\u0408\u0422\u0415 \u0427\u041b\u0410\u041d\u0410\u041a \u00bb\t\t<\/a>\n\n\t\t\t\t\t<\/div>\n\t\t\t\t<\/div>\n\t\t\t\t<\/article>\n\t\t\t\t<article class=\"elementor-post elementor-grid-item post-3420 post type-post status-publish format-standard has-post-thumbnail hentry category-educacao\">\n\t\t\t\t<a class=\"elementor-post__thumbnail__link\" href=\"https:\/\/novopost.com.br\/sr\/quer-guardar-dinheiro-conheca-12-bancos-digitais-com-rendimento-automatico\/\" tabindex=\"-1\">\n\t\t\t<div class=\"elementor-post__thumbnail\"><img loading=\"lazy\" decoding=\"async\" width=\"2121\" height=\"1414\" src=\"https:\/\/novopost.com.br\/wp-content\/uploads\/2024\/04\/Rendimento-Automatico-X.com_.jpg\" class=\"attachment-full size-full wp-image-3441\" alt=\"Rendimento Autom\u00e1tico\" srcset=\"https:\/\/novopost.com.br\/wp-content\/uploads\/2024\/04\/Rendimento-Automatico-X.com_.jpg 2121w, https:\/\/novopost.com.br\/wp-content\/uploads\/2024\/04\/Rendimento-Automatico-X.com_-300x200.jpg 300w, https:\/\/novopost.com.br\/wp-content\/uploads\/2024\/04\/Rendimento-Automatico-X.com_-1024x683.jpg 1024w, https:\/\/novopost.com.br\/wp-content\/uploads\/2024\/04\/Rendimento-Automatico-X.com_-768x512.jpg 768w, https:\/\/novopost.com.br\/wp-content\/uploads\/2024\/04\/Rendimento-Automatico-X.com_-1536x1024.jpg 1536w, https:\/\/novopost.com.br\/wp-content\/uploads\/2024\/04\/Rendimento-Automatico-X.com_-2048x1365.jpg 2048w\" sizes=\"(max-width: 2121px) 100vw, 2121px\" \/><\/div>\n\t\t<\/a>\n\t\t\t\t<div class=\"elementor-post__text\">\n\t\t\t\t<h3 class=\"elementor-post__title\">\n\t\t\t<a href=\"https:\/\/novopost.com.br\/sr\/quer-guardar-dinheiro-conheca-12-bancos-digitais-com-rendimento-automatico\/\">\n\t\t\t\tQuer Guardar Dinheiro? Conhe\u00e7a 12 Bancos Digitais com Rendimento Autom\u00e1tico\t\t\t<\/a>\n\t\t<\/h3>\n\t\t\t\t<div class=\"elementor-post__excerpt\">\n\t\t\t<p>Nos dias de hoje, a busca por maneiras eficientes de economizar e investir dinheiro tornou-se uma prioridade para muitos indiv\u00edduos. Com a ascens\u00e3o da tecnologia<\/p>\n\t\t<\/div>\n\t\t\t\t\t<div class=\"elementor-post__read-more-wrapper\">\n\t\t\n\t\t<a class=\"elementor-post__read-more\" href=\"https:\/\/novopost.com.br\/sr\/quer-guardar-dinheiro-conheca-12-bancos-digitais-com-rendimento-automatico\/\" aria-label=\"Read more about Quer Guardar Dinheiro? Conhe\u00e7a 12 Bancos Digitais com Rendimento Autom\u00e1tico\" tabindex=\"-1\">\n\t\t\t\u041f\u0420\u041e\u0427\u0418\u0422\u0410\u0408\u0422\u0415 \u0427\u041b\u0410\u041d\u0410\u041a \u00bb\t\t<\/a>\n\n\t\t\t\t\t<\/div>\n\t\t\t\t<\/div>\n\t\t\t\t<\/article>\n\t\t\t\t<\/div>\n\t\t\t\t\t<span class=\"e-load-more-spinner\">\n\t\t\t\t<i aria-hidden=\"true\" class=\"fas fa-spinner\"><\/i>\t\t\t<\/span>\n\t\t\n\t\t\t\t<div class=\"e-load-more-anchor\" data-page=\"1\" data-max-page=\"32\" data-next-page=\"https:\/\/novopost.com.br\/sr\/wp-json\/wp\/v2\/pages\/1221\/page\/2\/\"><\/div>\n\t\t\t\t<div class=\"elementor-button-wrapper\">\n\t\t\t<a href=\"#\" class=\"elementor-button-link elementor-button\" role=\"button\">\n\t\t\t\t\t\t<span class=\"elementor-button-content-wrapper\">\n\t\t\t\t\t\t<span class=\"elementor-button-text\">\u041f\u043e\u0433\u043b\u0435\u0434\u0430\u0458 \u0458\u043e\u0448<\/span>\n\t\t<\/span>\n\t\t\t\t\t<\/a>\n\t\t<\/div>\n\t\t\t\t<div class=\"e-load-more-message\"><\/div>\n\t\t\t\t<\/div>\n\t\t\t\t<\/div>\n\t\t\t\t<\/div>\n\t\t\t\t\t<\/div>\n\t\t\t\t<\/div>\n\t\t\t\t\t\t\t<\/div>","protected":false},"excerpt":{"rendered":"<p>Novidades:<\/p>","protected":false},"author":15,"featured_media":0,"parent":0,"menu_order":0,"comment_status":"closed","ping_status":"closed","template":"elementor_header_footer","meta":{"footnotes":""},"class_list":["post-1221","page","type-page","status-publish","hentry"],"acf":[],"_links":{"self":[{"href":"https:\/\/novopost.com.br\/sr\/wp-json\/wp\/v2\/pages\/1221","targetHints":{"allow":["GET"]}}],"collection":[{"href":"https:\/\/novopost.com.br\/sr\/wp-json\/wp\/v2\/pages"}],"about":[{"href":"https:\/\/novopost.com.br\/sr\/wp-json\/wp\/v2\/types\/page"}],"author":[{"embeddable":true,"href":"https:\/\/novopost.com.br\/sr\/wp-json\/wp\/v2\/users\/15"}],"replies":[{"embeddable":true,"href":"https:\/\/novopost.com.br\/sr\/wp-json\/wp\/v2\/comments?post=1221"}],"version-history":[{"count":25,"href":"https:\/\/novopost.com.br\/sr\/wp-json\/wp\/v2\/pages\/1221\/revisions"}],"predecessor-version":[{"id":2618,"href":"https:\/\/novopost.com.br\/sr\/wp-json\/wp\/v2\/pages\/1221\/revisions\/2618"}],"wp:attachment":[{"href":"https:\/\/novopost.com.br\/sr\/wp-json\/wp\/v2\/media?parent=1221"}],"curies":[{"name":"wp","href":"https:\/\/api.w.org\/{rel}","templated":true}]}}